{"id":2297,"date":"2021-10-18T07:29:35","date_gmt":"2021-10-18T05:29:35","guid":{"rendered":"https:\/\/espaiamida.wwwarcelona.net\/politica-de-galetes\/"},"modified":"2026-04-21T13:06:46","modified_gmt":"2026-04-21T11:06:46","slug":"politica-de-galetes","status":"publish","type":"page","link":"https:\/\/espaiamida.wwwarcelona.net\/ca\/politica-de-galetes\/","title":{"rendered":"Pol\u00edtica de galetes"},"content":{"rendered":"\t\t<div data-elementor-type=\"wp-page\" data-elementor-id=\"2297\" class=\"elementor elementor-2297 elementor-99\" data-elementor-post-type=\"page\">\n\t\t\t\t<div class=\"elementor-element elementor-element-a679816 e-flex e-con-boxed e-con e-parent\" data-id=\"a679816\" data-element_type=\"container\" data-e-type=\"container\">\n\t\t\t\t\t<div class=\"e-con-inner\">\n\t\t\t\t<div class=\"elementor-element elementor-element-5e7fd54 elementor-widget elementor-widget-heading\" data-id=\"5e7fd54\" data-element_type=\"widget\" data-e-type=\"widget\" data-widget_type=\"heading.default\">\n\t\t\t\t<div class=\"elementor-widget-container\">\n\t\t\t\t\t<h1 class=\"elementor-heading-title elementor-size-default\">POL\u00cdTICA DE GALETES I EMMAGATZEMATGE LOCAL<\/h1>\t\t\t\t<\/div>\n\t\t\t\t<\/div>\n\t\t\t\t<div class=\"elementor-element elementor-element-b7ba3c6 elementor-widget elementor-widget-text-editor\" data-id=\"b7ba3c6\" data-element_type=\"widget\" data-e-type=\"widget\" data-widget_type=\"text-editor.default\">\n\t\t\t\t<div class=\"elementor-widget-container\">\n\t\t\t\t\t\t\t\t\t<p><strong>POL\u00cdTICA DE GALETES I EMMAGATZEMATGE LOCAL<\/strong><\/p><p>Aquest lloc web utilitza galetes i tecnologies similars per proporcionar el servei, aix\u00ed com per permetre\u2019ns millorar-lo mitjan\u00e7ant l\u2019obtenci\u00f3 d\u2019estad\u00edstiques sobre el seu \u00fas i altres finalitats.<\/p><p>Navegar per aquest web implica necess\u00e0riament l\u2019\u00fas de galetes i tecnologies similars sempre que sigui necessari per al seu funcionament. Aix\u00ed mateix, per a determinades finalitats, les galetes i l\u2019emmagatzematge local estaran subjectes al vostre consentiment previ. Podeu acceptar o rebutjar les galetes mitjan\u00e7ant el sistema de configuraci\u00f3 establert i tamb\u00e9 \u00e9s possible configurar el navegador per impedir-ne l\u2019\u00fas.  <\/p><p>Aquesta pol\u00edtica forma part de la nostra pol\u00edtica de privacitat i inclou el seg\u00fcent:<\/p><ul><li>Qu\u00e8 s\u00f3n les galetes?<\/li><li>Per a qu\u00e8 s\u2019utilitzen les galetes?<\/li><li>Qu\u00e8 entenem per tecnologies similars a les galetes?<\/li><li>Qu\u00e8 s\u00f3n les galetes de tercers? Qui s\u00f3n els destinataris de la informaci\u00f3? <\/li><li>Quines funcions i caracter\u00edstiques de tercers utilitzem al nostre lloc web?<\/li><li>Durant quant de temps es mantenen actives les galetes o tecnologies similars?<\/li><li>\u00das de navegadors amb mode de navegaci\u00f3 privada.<\/li><li>Com impedir l\u2019\u00fas de galetes i com esborrar-les?<\/li><\/ul><h3>Qu\u00e8 s\u00f3n les galetes?<\/h3><p>Les \u201cgaletes\u201d s\u00f3n petits fitxers temporals que es creen al dispositiu de l\u2019usuari (ordinador, tel\u00e8fon, tauleta, etc.) quan visita un web. Permeten emmagatzemar o recuperar informaci\u00f3 quan navegueu, per exemple, per desar les vostres prefer\u00e8ncies d\u2019\u00fas, recon\u00e8ixer-vos en visites posteriors o recopilar informaci\u00f3 sobre els vostres h\u00e0bits de navegaci\u00f3. <\/p><p>Quan un web crea una galeta al dispositiu, s\u2019hi emmagatzemen l\u2019adre\u00e7a\/domini del web, la durada de la galeta (que pot anar d\u2019uns pocs minuts a diversos anys) i el contingut de la galeta. Podeu desactivar les galetes en qualsevol moment mitjan\u00e7ant el sistema de configuraci\u00f3 d\u2019aquest lloc web o configurant el vostre navegador per impedir-ne l\u2019\u00fas. <\/p><h3>Per a qu\u00e8 s\u2019utilitzen les galetes?<\/h3><p>Els usos o finalitats m\u00e9s habituals s\u00f3n:<\/p><ul><li><strong>Galetes t\u00e8cniques essencials:<\/strong> Per gestionar el flux de navegaci\u00f3 dins del web o mantenir l\u2019usuari connectat. En desactivar-les, \u00e9s possible que alguns apartats no funcionin correctament. <\/li><li><strong>Galetes de personalitzaci\u00f3:<\/strong> Necess\u00e0ries per recordar determinades prefer\u00e8ncies de l\u2019usuari.<\/li><li><strong>Galetes anal\u00edtiques:<\/strong> Ens ajuden a recopilar informaci\u00f3 sobre la proced\u00e8ncia dels usuaris i la seva navegaci\u00f3 dins del web per fer an\u00e0lisis estad\u00edstiques i millorar l\u2019estructura i els continguts.<\/li><li><strong>Galetes publicit\u00e0ries:<\/strong> Per gestionar els anuncis que apareixen al web i decidir-ne el contingut o la freq\u00fc\u00e8ncia.<\/li><li><strong>Galetes publicit\u00e0ries comportamentals:<\/strong> Recopilen els h\u00e0bits de navegaci\u00f3 de l\u2019usuari per crear un perfil d\u2019interessos i mostrar anuncis adaptats.<\/li><li><strong>Galetes per a compartici\u00f3 social:<\/strong> Identifiquen l\u2019usuari a les seves xarxes socials per compartir continguts.<\/li><\/ul><h3>Qu\u00e8 entenem per tecnologies similars a les galetes?<\/h3><p>Es refereix a qualsevol mecanisme d\u2019emmagatzematge i recuperaci\u00f3 de dades al dispositiu de l\u2019usuari. Les m\u00e9s habituals inclouen: <\/p><ul><li><strong>Emmagatzematge local del navegador:<\/strong> Com \u201csessionStorage\u201d i \u201clocalStorage\u201d.<\/li><li><strong>Emmagatzematge local de complements del navegador:<\/strong> Exemple: Flash Local Shared Objects o Silverlight Isolated Objects.<\/li><li><strong>Web beacons:<\/strong> Imatges allotjades en servidors que permeten registrar visites a p\u00e0gines o correus.<\/li><li><strong>Fingerprinting:<\/strong> Combina informaci\u00f3 del navegador o del dispositiu per identificar l\u2019usuari en visites successives.<\/li><\/ul><h3>Qu\u00e8 s\u00f3n les galetes de tercers? Qui s\u00f3n els destinataris de la informaci\u00f3? <\/h3><p>Les galetes es classifiquen en:<\/p><ul><li><strong>Galetes pr\u00f2pies:<\/strong> Creades i gestionades des del nostre domini.<\/li><li><strong>Galetes de tercers:<\/strong> Creades i gestionades per altres llocs web, que proporcionen funcions com mapes interactius, v\u00eddeos, botons de xarxes socials o anuncis personalitzats. Aquestes galetes estan sota el control del tercer que les proporciona. <\/li><\/ul><h3>Quines funcions i caracter\u00edstiques de tercers utilitzem al nostre lloc web?<\/h3><p>A continuaci\u00f3, es mostra una taula resum de les galetes utilitzades al nostre lloc:<\/p><table><thead><tr><th>Galeta<\/th><th>Tipus<\/th><th>Durada<\/th><th>Descripci\u00f3<\/th><\/tr><\/thead><tbody><tr><td>__cf_bm<\/td><td>De sessi\u00f3<\/td><td>1 hora<\/td><td>Suport de gesti\u00f3 de bots per Cloudflare.<\/td><\/tr><tr><td>cookielawinfo-checkbox-analytics<\/td><td>Persistent<\/td><td>11 mesos<\/td><td>Emmagatzema el consentiment per a galetes anal\u00edtiques.<\/td><\/tr><tr><td>cookielawinfo-checkbox-functional<\/td><td>Persistent<\/td><td>11 mesos<\/td><td>Emmagatzema el consentiment per a galetes funcionals.<\/td><\/tr><tr><td>cookielawinfo-checkbox-necessary<\/td><td>Persistent<\/td><td>11 mesos<\/td><td>Emmagatzema el consentiment per a galetes necess\u00e0ries.<\/td><\/tr><tr><td>viewed_cookie_policy<\/td><td>Persistent<\/td><td>11 mesos<\/td><td>Indica si l\u2019usuari va consentir l\u2019\u00fas de galetes.<\/td><\/tr><\/tbody><\/table><h3>Durant quant de temps es mantenen actives les galetes o tecnologies similars?<\/h3><p>Les galetes poden ser:<\/p><ul><li><strong>Temporals de sessi\u00f3:<\/strong> S\u2019eliminen en tancar el navegador.<\/li><li><strong>Persistents:<\/strong> Es mantenen fins que caduquen o s\u2019eliminen manualment.<\/li><\/ul><h3>Com impedir l\u2019\u00fas de galetes i com esborrar-les?<\/h3><p>Podeu configurar les vostres prefer\u00e8ncies en qualsevol moment mitjan\u00e7ant el sistema de configuraci\u00f3 de galetes integrat en aquest lloc web. A m\u00e9s, la majoria de navegadors permeten desactivar les galetes globalment o per dominis espec\u00edfics. Consulteu l\u2019ajuda del vostre navegador:  <\/p><ul><li><a href=\"https:\/\/support.google.com\/chrome\/answer\/95647?hl=es\">Chrome<\/a><\/li><li><a href=\"https:\/\/privacy.microsoft.com\/es-es\/windows-10-microsoft-edge-and-privacy\">Microsoft Edge<\/a><\/li><li><a href=\"https:\/\/support.mozilla.org\/es\/kb\/habilitar-y-deshabilitar-cookies-sitios-web-rastrear-preferencias\">Firefox<\/a><\/li><li><a href=\"https:\/\/support.apple.com\/kb\/PH17191?viewlocale=es_ES&amp;locale=es_ES\">Safari<\/a><\/li><li><a href=\"http:\/\/www.opera.com\/es\/help\">Opera<\/a><\/li><\/ul><p>Per a m\u00e9s informaci\u00f3, consulteu la nostra Pol\u00edtica de privacitat.<\/p>\t\t\t\t\t\t\t\t<\/div>\n\t\t\t\t<\/div>\n\t\t\t\t\t<\/div>\n\t\t\t\t<\/div>\n\t\t\t\t<\/div>\n\t\t","protected":false},"excerpt":{"rendered":"<p>POL\u00cdTICA DE GALETES I EMMAGATZEMATGE LOCAL POL\u00cdTICA DE GALETES I EMMAGATZEMATGE LOCAL Aquest lloc web utilitza galetes i tecnologies similars per proporcionar el servei, aix\u00ed com per permetre\u2019ns millorar-lo mitjan\u00e7ant l\u2019obtenci\u00f3 d\u2019estad\u00edstiques sobre el seu \u00fas i altres finalitats. Navegar per aquest web implica necess\u00e0riament l\u2019\u00fas de galetes i tecnologies similars sempre que sigui necessari [&hellip;]<\/p>\n","protected":false},"author":2,"featured_media":0,"parent":0,"menu_order":0,"comment_status":"closed","ping_status":"closed","template":"","meta":{"_acf_changed":false,"inline_featured_image":false,"footnotes":""},"tags":[],"class_list":["post-2297","page","type-page","status-publish","hentry"],"acf":[],"yoast_head":"<!-- This site is optimized with the Yoast SEO plugin v27.4 - https:\/\/yoast.com\/product\/yoast-seo-wordpress\/ -->\n<title>Pol\u00edtica de galetes - Espai a Mida<\/title>\n<meta name=\"description\" content=\"POL\u00cdTICA DE GALETES I EMMAGATZEMATGE LOCAL POL\u00cdTICA DE GALETES I EMMAGATZEMATGE LOCALAquest lloc web utilitza galetes i tecnologies similars per \u2713\" \/>\n<meta name=\"robots\" content=\"noindex, nofollow\" \/>\n<meta property=\"og:locale\" content=\"ca_ES\" \/>\n<meta property=\"og:type\" content=\"article\" \/>\n<meta property=\"og:title\" content=\"Pol\u00edtica de galetes - Espai a Mida\" \/>\n<meta property=\"og:description\" content=\"POL\u00cdTICA DE GALETES I EMMAGATZEMATGE LOCAL POL\u00cdTICA DE GALETES I EMMAGATZEMATGE LOCALAquest lloc web utilitza galetes i tecnologies similars per \u2713\" \/>\n<meta property=\"og:url\" content=\"https:\/\/espaiamida.wwwarcelona.net\/ca\/politica-de-galetes\/\" \/>\n<meta property=\"og:site_name\" content=\"Espai a Mida\" \/>\n<meta property=\"article:modified_time\" content=\"2026-04-21T11:06:46+00:00\" \/>\n<meta name=\"twitter:card\" content=\"summary_large_image\" \/>\n<meta name=\"twitter:label1\" content=\"Temps estimat de lectura\" \/>\n\t<meta name=\"twitter:data1\" content=\"4 minuts\" \/>\n<script type=\"application\/ld+json\" class=\"yoast-schema-graph\">{\"@context\":\"https:\\\/\\\/schema.org\",\"@graph\":[{\"@type\":\"WebPage\",\"@id\":\"https:\\\/\\\/espaiamida.wwwarcelona.net\\\/ca\\\/politica-de-galetes\\\/\",\"url\":\"https:\\\/\\\/espaiamida.wwwarcelona.net\\\/ca\\\/politica-de-galetes\\\/\",\"name\":\"Pol\u00edtica de galetes - Espai a Mida\",\"isPartOf\":{\"@id\":\"https:\\\/\\\/espaiamida.wwwarcelona.net\\\/ca\\\/#website\"},\"datePublished\":\"2021-10-18T05:29:35+00:00\",\"dateModified\":\"2026-04-21T11:06:46+00:00\",\"description\":\"POL\u00cdTICA DE GALETES I EMMAGATZEMATGE LOCAL POL\u00cdTICA DE GALETES I EMMAGATZEMATGE LOCALAquest lloc web utilitza galetes i tecnologies similars per \u2713\",\"breadcrumb\":{\"@id\":\"https:\\\/\\\/espaiamida.wwwarcelona.net\\\/ca\\\/politica-de-galetes\\\/#breadcrumb\"},\"inLanguage\":\"ca\",\"potentialAction\":[{\"@type\":\"ReadAction\",\"target\":[\"https:\\\/\\\/espaiamida.wwwarcelona.net\\\/ca\\\/politica-de-galetes\\\/\"]}]},{\"@type\":\"BreadcrumbList\",\"@id\":\"https:\\\/\\\/espaiamida.wwwarcelona.net\\\/ca\\\/politica-de-galetes\\\/#breadcrumb\",\"itemListElement\":[{\"@type\":\"ListItem\",\"position\":1,\"name\":\"Portada\",\"item\":\"https:\\\/\\\/espaiamida.wwwarcelona.net\\\/ca\\\/inici\\\/\"},{\"@type\":\"ListItem\",\"position\":2,\"name\":\"Pol\u00edtica de galetes\"}]},{\"@type\":\"WebSite\",\"@id\":\"https:\\\/\\\/espaiamida.wwwarcelona.net\\\/ca\\\/#website\",\"url\":\"https:\\\/\\\/espaiamida.wwwarcelona.net\\\/ca\\\/\",\"name\":\"Espai a Mida\",\"description\":\"\",\"publisher\":{\"@id\":\"https:\\\/\\\/espaiamida.wwwarcelona.net\\\/ca\\\/#organization\"},\"potentialAction\":[{\"@type\":\"SearchAction\",\"target\":{\"@type\":\"EntryPoint\",\"urlTemplate\":\"https:\\\/\\\/espaiamida.wwwarcelona.net\\\/ca\\\/?s={search_term_string}\"},\"query-input\":{\"@type\":\"PropertyValueSpecification\",\"valueRequired\":true,\"valueName\":\"search_term_string\"}}],\"inLanguage\":\"ca\"},{\"@type\":\"Organization\",\"@id\":\"https:\\\/\\\/espaiamida.wwwarcelona.net\\\/ca\\\/#organization\",\"name\":\"Espai a Mida\",\"url\":\"https:\\\/\\\/espaiamida.wwwarcelona.net\\\/ca\\\/\",\"logo\":{\"@type\":\"ImageObject\",\"inLanguage\":\"ca\",\"@id\":\"https:\\\/\\\/espaiamida.wwwarcelona.net\\\/ca\\\/#\\\/schema\\\/logo\\\/image\\\/\",\"url\":\"https:\\\/\\\/espaiamida.wwwarcelona.net\\\/wp-content\\\/uploads\\\/2021\\\/10\\\/espaiamida-logo-positivo-1.svg\",\"contentUrl\":\"https:\\\/\\\/espaiamida.wwwarcelona.net\\\/wp-content\\\/uploads\\\/2021\\\/10\\\/espaiamida-logo-positivo-1.svg\",\"width\":387,\"height\":52,\"caption\":\"Espai a Mida\"},\"image\":{\"@id\":\"https:\\\/\\\/espaiamida.wwwarcelona.net\\\/ca\\\/#\\\/schema\\\/logo\\\/image\\\/\"}}]}<\/script>\n<!-- \/ Yoast SEO plugin. -->","yoast_head_json":{"title":"Pol\u00edtica de galetes - Espai a Mida","description":"POL\u00cdTICA DE GALETES I EMMAGATZEMATGE LOCAL POL\u00cdTICA DE GALETES I EMMAGATZEMATGE LOCALAquest lloc web utilitza galetes i tecnologies similars per \u2713","robots":{"index":"noindex","follow":"nofollow"},"og_locale":"ca_ES","og_type":"article","og_title":"Pol\u00edtica de galetes - Espai a Mida","og_description":"POL\u00cdTICA DE GALETES I EMMAGATZEMATGE LOCAL POL\u00cdTICA DE GALETES I EMMAGATZEMATGE LOCALAquest lloc web utilitza galetes i tecnologies similars per \u2713","og_url":"https:\/\/espaiamida.wwwarcelona.net\/ca\/politica-de-galetes\/","og_site_name":"Espai a Mida","article_modified_time":"2026-04-21T11:06:46+00:00","twitter_card":"summary_large_image","twitter_misc":{"Temps estimat de lectura":"4 minuts"},"schema":{"@context":"https:\/\/schema.org","@graph":[{"@type":"WebPage","@id":"https:\/\/espaiamida.wwwarcelona.net\/ca\/politica-de-galetes\/","url":"https:\/\/espaiamida.wwwarcelona.net\/ca\/politica-de-galetes\/","name":"Pol\u00edtica de galetes - Espai a Mida","isPartOf":{"@id":"https:\/\/espaiamida.wwwarcelona.net\/ca\/#website"},"datePublished":"2021-10-18T05:29:35+00:00","dateModified":"2026-04-21T11:06:46+00:00","description":"POL\u00cdTICA DE GALETES I EMMAGATZEMATGE LOCAL POL\u00cdTICA DE GALETES I EMMAGATZEMATGE LOCALAquest lloc web utilitza galetes i tecnologies similars per \u2713","breadcrumb":{"@id":"https:\/\/espaiamida.wwwarcelona.net\/ca\/politica-de-galetes\/#breadcrumb"},"inLanguage":"ca","potentialAction":[{"@type":"ReadAction","target":["https:\/\/espaiamida.wwwarcelona.net\/ca\/politica-de-galetes\/"]}]},{"@type":"BreadcrumbList","@id":"https:\/\/espaiamida.wwwarcelona.net\/ca\/politica-de-galetes\/#breadcrumb","itemListElement":[{"@type":"ListItem","position":1,"name":"Portada","item":"https:\/\/espaiamida.wwwarcelona.net\/ca\/inici\/"},{"@type":"ListItem","position":2,"name":"Pol\u00edtica de galetes"}]},{"@type":"WebSite","@id":"https:\/\/espaiamida.wwwarcelona.net\/ca\/#website","url":"https:\/\/espaiamida.wwwarcelona.net\/ca\/","name":"Espai a Mida","description":"","publisher":{"@id":"https:\/\/espaiamida.wwwarcelona.net\/ca\/#organization"},"potentialAction":[{"@type":"SearchAction","target":{"@type":"EntryPoint","urlTemplate":"https:\/\/espaiamida.wwwarcelona.net\/ca\/?s={search_term_string}"},"query-input":{"@type":"PropertyValueSpecification","valueRequired":true,"valueName":"search_term_string"}}],"inLanguage":"ca"},{"@type":"Organization","@id":"https:\/\/espaiamida.wwwarcelona.net\/ca\/#organization","name":"Espai a Mida","url":"https:\/\/espaiamida.wwwarcelona.net\/ca\/","logo":{"@type":"ImageObject","inLanguage":"ca","@id":"https:\/\/espaiamida.wwwarcelona.net\/ca\/#\/schema\/logo\/image\/","url":"https:\/\/espaiamida.wwwarcelona.net\/wp-content\/uploads\/2021\/10\/espaiamida-logo-positivo-1.svg","contentUrl":"https:\/\/espaiamida.wwwarcelona.net\/wp-content\/uploads\/2021\/10\/espaiamida-logo-positivo-1.svg","width":387,"height":52,"caption":"Espai a Mida"},"image":{"@id":"https:\/\/espaiamida.wwwarcelona.net\/ca\/#\/schema\/logo\/image\/"}}]}},"_links":{"self":[{"href":"https:\/\/espaiamida.wwwarcelona.net\/ca\/wp-json\/wp\/v2\/pages\/2297","targetHints":{"allow":["GET"]}}],"collection":[{"href":"https:\/\/espaiamida.wwwarcelona.net\/ca\/wp-json\/wp\/v2\/pages"}],"about":[{"href":"https:\/\/espaiamida.wwwarcelona.net\/ca\/wp-json\/wp\/v2\/types\/page"}],"author":[{"embeddable":true,"href":"https:\/\/espaiamida.wwwarcelona.net\/ca\/wp-json\/wp\/v2\/users\/2"}],"replies":[{"embeddable":true,"href":"https:\/\/espaiamida.wwwarcelona.net\/ca\/wp-json\/wp\/v2\/comments?post=2297"}],"version-history":[{"count":1,"href":"https:\/\/espaiamida.wwwarcelona.net\/ca\/wp-json\/wp\/v2\/pages\/2297\/revisions"}],"predecessor-version":[{"id":2298,"href":"https:\/\/espaiamida.wwwarcelona.net\/ca\/wp-json\/wp\/v2\/pages\/2297\/revisions\/2298"}],"wp:attachment":[{"href":"https:\/\/espaiamida.wwwarcelona.net\/ca\/wp-json\/wp\/v2\/media?parent=2297"}],"wp:term":[{"taxonomy":"post_tag","embeddable":true,"href":"https:\/\/espaiamida.wwwarcelona.net\/ca\/wp-json\/wp\/v2\/tags?post=2297"}],"curies":[{"name":"wp","href":"https:\/\/api.w.org\/{rel}","templated":true}]}}